{"id":173,"date":"2019-01-19T19:49:24","date_gmt":"2019-01-19T19:49:24","guid":{"rendered":"http:\/\/juanarregin.com\/?page_id=173"},"modified":"2022-11-01T13:12:37","modified_gmt":"2022-11-01T13:12:37","slug":"contacto","status":"publish","type":"page","link":"https:\/\/juanarregin.com\/index.php\/contacto\/","title":{"rendered":"CONTACTO"},"content":{"rendered":"\n<div class=\"wp-block-button\"><a class=\"wp-block-button__link has-text-color has-very-dark-gray-color has-background has-vivid-green-cyan-background-color\" href=\"https:\/\/api.whatsapp.com\/send?phone=+5493794274078&amp;text=Hola%20Dr.%20Juan%20Arregin.%20Quiero%20hacerle%20una%20consulta.\">Escribime un WhatsApp. Hace Click Ac\u00e1.<\/a><\/div>\n\n\n\n<p><strong>Estudio Jur\u00edco Corrientes Capital<\/strong><\/p>\n\n\n\n<p>La rioja 428<\/p>\n\n\n\n<p><strong>Tel\u00e9fono: <\/strong>3794274078<\/p>\n\n\n\n<iframe loading=\"lazy\" src=\"https:\/\/www.google.com\/maps\/embed?pb=!1m18!1m12!1m3!1d3540.2280231555437!2d-58.83976638548391!3d-27.4621596229559!2m3!1f0!2f0!3f0!3m2!1i1024!2i768!4f13.1!3m3!1m2!1s0x94456caf9d79251b%3A0xec5c22e5ba25b709!2sLa+Rioja+428%2C+W3400BZA+Corrientes!5e0!3m2!1ses-419!2sar!4v1547927078840\" width=\"600\" height=\"450\" frameborder=\"0\" style=\"border:0\" allowfullscreen=\"\"><\/iframe>\n\n\n\n<p><strong>Estudio Jur\u00eddico Goya<\/strong><\/p>\n\n\n\n<p>Angel Soto 522<\/p>\n\n\n\n<p><strong>Tel\u00e9fono:<\/strong> 3795 160157<\/p>\n\n\n\n<iframe loading=\"lazy\" src=\"https:\/\/www.google.com\/maps\/embed?pb=!1m18!1m12!1m3!1d3484.60110317772!2d-59.26774998543114!3d-29.1469538970716!2m3!1f0!2f0!3f0!3m2!1i1024!2i768!4f13.1!3m3!1m2!1s0x944e84bd7a4c3ed5%3A0xd62400ccee65d398!2sGdor.+%C3%81ngel+Soto+522%2C+W3450BUL+Goya%2C+Corrientes!5e0!3m2!1ses-419!2sar!4v1547927343060\" width=\"600\" height=\"450\" frameborder=\"0\" style=\"border:0\" allowfullscreen=\"\"><\/iframe>\n","protected":false},"excerpt":{"rendered":"<p>Estudio Jur\u00edco Corrientes Capital La rioja 428 Tel\u00e9fono: 3794274078 Estudio Jur\u00eddico Goya Angel Soto 522 Tel\u00e9fono: 3795 160157<\/p>\n","protected":false},"author":1,"featured_media":0,"parent":0,"menu_order":4,"comment_status":"closed","ping_status":"closed","template":"","meta":{"footnotes":""},"class_list":["post-173","page","type-page","status-publish","hentry"],"_links":{"self":[{"href":"https:\/\/juanarregin.com\/index.php\/wp-json\/wp\/v2\/pages\/173","targetHints":{"allow":["GET"]}}],"collection":[{"href":"https:\/\/juanarregin.com\/index.php\/wp-json\/wp\/v2\/pages"}],"about":[{"href":"https:\/\/juanarregin.com\/index.php\/wp-json\/wp\/v2\/types\/page"}],"author":[{"embeddable":true,"href":"https:\/\/juanarregin.com\/index.php\/wp-json\/wp\/v2\/users\/1"}],"replies":[{"embeddable":true,"href":"https:\/\/juanarregin.com\/index.php\/wp-json\/wp\/v2\/comments?post=173"}],"version-history":[{"count":6,"href":"https:\/\/juanarregin.com\/index.php\/wp-json\/wp\/v2\/pages\/173\/revisions"}],"predecessor-version":[{"id":329,"href":"https:\/\/juanarregin.com\/index.php\/wp-json\/wp\/v2\/pages\/173\/revisions\/329"}],"wp:attachment":[{"href":"https:\/\/juanarregin.com\/index.php\/wp-json\/wp\/v2\/media?parent=173"}],"curies":[{"name":"wp","href":"https:\/\/api.w.org\/{rel}","templated":true}]}}