{"id":198,"date":"2019-04-10T16:57:35","date_gmt":"2019-04-10T16:57:35","guid":{"rendered":"http:\/\/juanarregin.com\/?page_id=198"},"modified":"2019-04-10T16:59:48","modified_gmt":"2019-04-10T16:59:48","slug":"derecho-civil-comercial","status":"publish","type":"page","link":"https:\/\/juanarregin.com\/index.php\/derecho-civil-comercial\/","title":{"rendered":"juanarregin.com"},"content":{"rendered":"\n<div class=\"wp-block-cover has-background-dim is-layout-flow wp-block-cover-is-layout-flow\" style=\"background-image:url(https:\/\/juanarregin.com\/wp-content\/uploads\/2019\/01\/20190117_081516-01.jpeg)\"><p class=\"wp-block-cover-text\">Derecho Civil y Comercial<\/p><\/div>\n\n\n<p>En el derecho civil, el cliente podr\u00e1 contar con nuestro servicio profesional, ya sea en cuestiones contractuales, reclamos de sumas de dinero, incumplimientos, cobros de expensas, accidentes de tr\u00e1nsito, da\u00f1os y perjuicios, etc.<\/p>\n<p>Confeccionamos todo tipo de contratos: de locaci\u00f3n, compraventa de inmuebles, fondos de comercio, art\u00edsticos o deportivos. Intervenimos en las negociaciones y ofrecemos excelente asesoramiento cuando estos contratos son redactados por la otra parte, explicando cl\u00e1usula por cl\u00e1usula, sus significados e implicancias.<\/p>\n<p>Representamos a nuestros clientes en toda clase de contiendas judiciales.<\/p>\n<p>Si se trata de familia y sucesiones, lo acompa\u00f1amos a mediaciones, intervenimos en juicios por tenencia de hijos, reclamos por alimentos, r\u00e9gimen de visitas, divorcios con o sin acuerdo. etc. Iniciamos sucesiones, peticionamos declaratoria de herederos, inscripciones, etc.<\/p>\n<p>En cuanto al Recupero de Cr\u00e9ditos, ofrecemos especialmente,&nbsp;&nbsp;Gestion De Cobro Administrativo (Extrajudicial) como as\u00ed tambi\u00e9n Gesti\u00f3n De Cobro En Sede Judicial: (Juzgados Del Fuero Civil Y Comercial \u2013 Poder Judicial A Nivel Provincial)<\/p>\n\n\n<div class=\"wp-block-button\"><a class=\"wp-block-button__link has-text-color has-very-dark-gray-color has-background has-vivid-green-cyan-background-color\" href=\"https:\/\/api.whatsapp.com\/send?phone=+5493794274078&amp;text=Hola%20Dr.%20Juan%20Arregin.%20Quiero%20hacerle%20una%20consulta.\">Escribime un WhatsApp. Hace Click Ac\u00e1.<\/a><\/div>\n","protected":false},"excerpt":{"rendered":"<p>En el derecho civil, el cliente podr\u00e1 contar con nuestro servicio profesional, ya sea en cuestiones contractuales, reclamos de sumas de dinero, incumplimientos, cobros de expensas, accidentes de tr\u00e1nsito, da\u00f1os y perjuicios, etc. Confeccionamos todo tipo de contratos: de locaci\u00f3n, compraventa de inmuebles, fondos de comercio, art\u00edsticos o deportivos. Intervenimos en las negociaciones y ofrecemos <a href=\"https:\/\/juanarregin.com\/index.php\/derecho-civil-comercial\/\" rel=\"nofollow\"><span class=\"sr-only\">Leer m\u00e1s sobrejuanarregin.com<\/span>[&hellip;]<\/a><\/p>\n","protected":false},"author":1,"featured_media":0,"parent":0,"menu_order":0,"comment_status":"closed","ping_status":"closed","template":"","meta":{"footnotes":""},"class_list":["post-198","page","type-page","status-publish","hentry"],"_links":{"self":[{"href":"https:\/\/juanarregin.com\/index.php\/wp-json\/wp\/v2\/pages\/198","targetHints":{"allow":["GET"]}}],"collection":[{"href":"https:\/\/juanarregin.com\/index.php\/wp-json\/wp\/v2\/pages"}],"about":[{"href":"https:\/\/juanarregin.com\/index.php\/wp-json\/wp\/v2\/types\/page"}],"author":[{"embeddable":true,"href":"https:\/\/juanarregin.com\/index.php\/wp-json\/wp\/v2\/users\/1"}],"replies":[{"embeddable":true,"href":"https:\/\/juanarregin.com\/index.php\/wp-json\/wp\/v2\/comments?post=198"}],"version-history":[{"count":4,"href":"https:\/\/juanarregin.com\/index.php\/wp-json\/wp\/v2\/pages\/198\/revisions"}],"predecessor-version":[{"id":205,"href":"https:\/\/juanarregin.com\/index.php\/wp-json\/wp\/v2\/pages\/198\/revisions\/205"}],"wp:attachment":[{"href":"https:\/\/juanarregin.com\/index.php\/wp-json\/wp\/v2\/media?parent=198"}],"curies":[{"name":"wp","href":"https:\/\/api.w.org\/{rel}","templated":true}]}}