{"id":208,"date":"2019-04-10T17:03:03","date_gmt":"2019-04-10T17:03:03","guid":{"rendered":"http:\/\/juanarregin.com\/?page_id=208"},"modified":"2019-04-10T17:03:03","modified_gmt":"2019-04-10T17:03:03","slug":"penal","status":"publish","type":"page","link":"https:\/\/juanarregin.com\/index.php\/penal\/","title":{"rendered":"juanarregin.com"},"content":{"rendered":"\n<div class=\"wp-block-cover has-background-dim is-layout-flow wp-block-cover-is-layout-flow\" style=\"background-image:url(https:\/\/juanarregin.com\/wp-content\/uploads\/2019\/01\/20190117_081936-01.jpeg)\"><p class=\"wp-block-cover-text\">Derecho Penal<\/p><\/div>\n\n\n<p>Somos un equipo din\u00e1mico, apasionado, y capacitado para actuar en conflictos penales, asesoramos a las v\u00edctimas de delitos desde el mismo inicio del proceso penal, la denuncia, y la participaci\u00f3n activa en los juicios a trav\u00e9s de la constituci\u00f3n como querellante.<\/p>\n<p>El estudio cuenta con vasta experiencia en el \u00e1rea penal, pues sus miembros saben como defender los derechos de sus clientes.<\/p>\n<p>Actuamos a conciencia y con conocimiento en la ejecuci\u00f3n de la estrategia. Si se trata de debate oral, la preparaci\u00f3n de esta etapa se realiza de modo inteligente, abocados al detalle y encausando la estrategia hacia la obtenci\u00f3n del mejor resultado.<\/p>\n\n\n<div class=\"wp-block-button\"><a class=\"wp-block-button__link has-text-color has-very-dark-gray-color has-background has-vivid-green-cyan-background-color\" href=\"https:\/\/api.whatsapp.com\/send?phone=+5493794274078&amp;text=Hola%20Dr.%20Juan%20Arregin.%20Quiero%20hacerle%20una%20consulta.\">Escribime un WhatsApp. Hace Click Ac\u00e1.<\/a><\/div>\n","protected":false},"excerpt":{"rendered":"<p>Somos un equipo din\u00e1mico, apasionado, y capacitado para actuar en conflictos penales, asesoramos a las v\u00edctimas de delitos desde el mismo inicio del proceso penal, la denuncia, y la participaci\u00f3n activa en los juicios a trav\u00e9s de la constituci\u00f3n como querellante. El estudio cuenta con vasta experiencia en el \u00e1rea penal, pues sus miembros saben <a href=\"https:\/\/juanarregin.com\/index.php\/penal\/\" rel=\"nofollow\"><span class=\"sr-only\">Leer m\u00e1s sobrejuanarregin.com<\/span>[&hellip;]<\/a><\/p>\n","protected":false},"author":1,"featured_media":0,"parent":0,"menu_order":0,"comment_status":"closed","ping_status":"closed","template":"","meta":{"footnotes":""},"class_list":["post-208","page","type-page","status-publish","hentry"],"_links":{"self":[{"href":"https:\/\/juanarregin.com\/index.php\/wp-json\/wp\/v2\/pages\/208","targetHints":{"allow":["GET"]}}],"collection":[{"href":"https:\/\/juanarregin.com\/index.php\/wp-json\/wp\/v2\/pages"}],"about":[{"href":"https:\/\/juanarregin.com\/index.php\/wp-json\/wp\/v2\/types\/page"}],"author":[{"embeddable":true,"href":"https:\/\/juanarregin.com\/index.php\/wp-json\/wp\/v2\/users\/1"}],"replies":[{"embeddable":true,"href":"https:\/\/juanarregin.com\/index.php\/wp-json\/wp\/v2\/comments?post=208"}],"version-history":[{"count":1,"href":"https:\/\/juanarregin.com\/index.php\/wp-json\/wp\/v2\/pages\/208\/revisions"}],"predecessor-version":[{"id":209,"href":"https:\/\/juanarregin.com\/index.php\/wp-json\/wp\/v2\/pages\/208\/revisions\/209"}],"wp:attachment":[{"href":"https:\/\/juanarregin.com\/index.php\/wp-json\/wp\/v2\/media?parent=208"}],"curies":[{"name":"wp","href":"https:\/\/api.w.org\/{rel}","templated":true}]}}